{"id":94,"date":"2021-09-24T12:58:41","date_gmt":"2021-09-24T18:58:41","guid":{"rendered":"https:\/\/profamil.org\/?page_id=94"},"modified":"2022-05-29T12:17:59","modified_gmt":"2022-05-29T18:17:59","slug":"goals-and-challenges","status":"publish","type":"page","link":"https:\/\/profamil.org\/cr\/goals-and-challenges\/","title":{"rendered":"Objektif ak defi"},"content":{"rendered":"<p class=\"wp-block-paragraph\">PROFAMIL se yon gwo chanpyon nan sante repwodiktif nan nivo nasyonal la. Asosyasyon an bay s\u00e8vis sante enp\u00f2tan ak enf\u00f2masyon esansy\u00e8l, ki p\u00e8m\u00e8t ayisyen pran desizyon pou t\u00e8t yo ak fanmi yo.\u00a0\u00a0<\/p>\n\n\n\n<p class=\"wp-block-paragraph\">Antanke premye founis\u00e8 s\u00e8vis sante seksy\u00e8l ak repwodiktif nan peyi a, PROFAMIL f\u00e8 fas ak yon seri defi. Pousantaj f\u00e8tilite ann Ayiti rete wo (2.94 nesans pou chak fanm kont 1.73 pou chak fanm Ozetazini). Gwo f\u00e8tilite akonpaye pa mank de swen medikal, enfrastrikti f\u00e8b ak ef\u00e8 povrete agrave m\u00f2talite mat\u00e8n\u00e8l ki deja two wo. Pousantaj m\u00f2talite mat\u00e8n\u00e8l an Ayiti a pi wo nan emisf\u00e8 lw\u00e8s la: anviwon yon fanm sou 80 ann Ayiti ap mouri ak\u00f2z akouchman oswa konplikasyon ki gen rap\u00f2 ak gwos\u00e8s la. Ak plis key on ka nan lanm\u00f2 mat\u00e8n\u00e8l sa yo se ak\u00f2z av\u00f2tman ki pa fet  nan bon jan kondisyon.<\/p>\n\n\n\n<p class=\"wp-block-paragraph\">Met\u00f2d kontraseptif yo pa disponib fasil an Ayiti. Fanm yo gen aks\u00e8 limite nan sant ki ofri kontraseptif, bary\u00e8 kiltir\u00e8l toujou p\u00e8siste, dekouraje kontrasepsyon. Anplis lwa restriksyon sou av\u00f2tman, PROFAMIL f\u00e8 fas ak bary\u00e8 anviwonmantal, edikasyon, jeyografik ak kiltir\u00e8l pou satisf\u00e8 bezwen sante seksy\u00e8l ak repwodiktif popilasyon ayisyen an. PROFAMIL dwe nan premye liy pou asire ke chak ayisyen gen aks\u00e8 a swen li bezwen.<\/p>\n\n\n\n<figure class=\"wp-block-gallery has-nested-images columns-default is-cropped wp-block-gallery-1 is-layout-flex wp-block-gallery-is-layout-flex\">\n<figure class=\"wp-block-image size-large\"><img data-recalc-dims=\"1\" loading=\"lazy\" decoding=\"async\" width=\"580\" height=\"387\" data-attachment-id=\"120\" data-permalink=\"https:\/\/profamil.org\/cr\/img_8965\/\" data-orig-file=\"https:\/\/i0.wp.com\/profamil.org\/wp-content\/uploads\/2021\/10\/img_8965.jpg?fit=5184%2C3456&amp;ssl=1\" data-orig-size=\"5184,3456\" data-comments-opened=\"1\" data-image-meta=\"{&quot;aperture&quot;:&quot;5.6&quot;,&quot;credit&quot;:&quot;&quot;,&quot;camera&quot;:&quot;Canon EOS REBEL T3i&quot;,&quot;caption&quot;:&quot;&quot;,&quot;created_timestamp&quot;:&quot;1613222722&quot;,&quot;copyright&quot;:&quot;&quot;,&quot;focal_length&quot;:&quot;75&quot;,&quot;iso&quot;:&quot;250&quot;,&quot;shutter_speed&quot;:&quot;0.003125&quot;,&quot;title&quot;:&quot;&quot;,&quot;orientation&quot;:&quot;1&quot;}\" data-image-title=\"img_8965\" data-image-description=\"\" data-image-caption=\"\" data-large-file=\"https:\/\/i0.wp.com\/profamil.org\/wp-content\/uploads\/2021\/10\/img_8965.jpg?fit=580%2C387&amp;ssl=1\" data-id=\"120\" src=\"https:\/\/i0.wp.com\/profamil.org\/wp-content\/uploads\/2021\/10\/img_8965.jpg?resize=580%2C387&#038;ssl=1\" alt=\"\" class=\"wp-image-120\"\/><\/figure>\n<\/figure>\n\n\n\n<p class=\"wp-block-paragraph\">Malgre obstak sa yo, PROFAMIL kontinye ap s\u00e8vi p\u00e8p ayisyen an. Asosyasyon an bay paran yo, el\u00e8v yo ak manm kominote a bon jan ledikasyon sou sante seksyel ak repwodiktif. Nan pote kole pou bay manm kominote yo jaret ak bon jan sipo pou yon vinn pote ledikasyon an nan kominote yo. PROFAMIL rive jwenn Ayisyen nan z\u00f2n riral ak iben. Pwogram j\u00e8n yo genyen kounye a 80 j\u00e8n edikat\u00e8 ki aji k\u00f2m akte  chanjman epi ki defann dwa seksy\u00e8l ak repwodiktif.\u00a0<\/p>\n\n\n\n<p class=\"wp-block-paragraph\">Anplis de sa, PROFAMIL te f\u00e8 yon kantite kanpay efikas pou ogmante konsyantizasyon sou kontrasepsyon. An 2018, PROFAMIL te selebre Jounen Mondyal Kontrasepsyon ak yon fwa sante kote yo te bay plis pase 1,000 sitwayen ayisyen s\u00e8vis gratis (tankou konsiltasyon prenatal ak jinekolojik, t\u00e8s depistaj kans\u00e8,, sonografi, ak metod planing). Menm ane sa a, PROFAMIL te f\u00e8 yon kanpay vazektomi san bistouri, pou ankouraje papa ayisyen yo vin ewo pou fanmi yo. Nan yon s\u00e8l jou, PROFAMIL f\u00e8 93 vasektomi.<\/p>\n\n\n\n<p class=\"wp-block-paragraph\"><em>Sous ak enf\u00f2masyon adisyon\u00e8l:<\/em><\/p>\n\n\n\n<ul class=\"wp-block-list\"><li><a href=\"https:\/\/www.thelancet.com\/pdfs\/journals\/lancet\/PIIS0140-6736(16)31470-2.pdf\">https:\/\/www.thelancet.com\/pdfs\/journals\/lancet\/PIIS0140-6736(16)31470-2.pdf<\/a><\/li><li><a href=\"https:\/\/everymothercounts.org\/grants\/haiti-a-deeper-dive\/\">https:\/\/everymothercounts.org\/grants\/haiti-a-deeper-dive\/<\/a>&nbsp;<\/li><li><a href=\"https:\/\/data.worldbank.org\/indicator\/SH.STA.MMRT?locations=HT\">https:\/\/data.worldbank.org\/indicator\/SH.STA.MMRT?locations=HT<\/a>&nbsp;<\/li><li><a href=\"https:\/\/www.ncbi.nlm.nih.gov\/pmc\/articles\/PMC6606068\/\" rel=\"nofollow\">https:\/\/www.ncbi.nlm.nih.gov\/pmc\/articles\/PMC6606068\/<\/a> <\/li><\/ul>","protected":false},"excerpt":{"rendered":"<p>PROFAMIL is a national reproductive health champion. The organization provides critical services and essential information, allowing Haitian people to make decisions that serve their families and themselves.\u00a0\u00a0 As the country\u2019s leading comprehensive sexual and reproductive health provider, PROFAMIL faces several challenges. Fertility rates in Haiti remain high (2.94 births per woman, compared with 1.73 births [&hellip;]<\/p>\n","protected":false},"author":44510995,"featured_media":0,"parent":0,"menu_order":0,"comment_status":"closed","ping_status":"closed","template":"","meta":{"_coblocks_attr":"","_coblocks_dimensions":"","_coblocks_responsive_height":"","_coblocks_accordion_ie_support":"","_crdt_document":"","advanced_seo_description":"","jetpack_seo_html_title":"","jetpack_seo_noindex":false,"footnotes":""},"class_list":["post-94","page","type-page","status-publish","hentry"],"jetpack_likes_enabled":true,"jetpack_sharing_enabled":true,"jetpack_shortlink":"https:\/\/wp.me\/PcUfND-1w","amp_enabled":true,"_links":{"self":[{"href":"https:\/\/profamil.org\/cr\/wp-json\/wp\/v2\/pages\/94","targetHints":{"allow":["GET"]}}],"collection":[{"href":"https:\/\/profamil.org\/cr\/wp-json\/wp\/v2\/pages"}],"about":[{"href":"https:\/\/profamil.org\/cr\/wp-json\/wp\/v2\/types\/page"}],"author":[{"embeddable":true,"href":"https:\/\/profamil.org\/cr\/wp-json\/wp\/v2\/users\/44510995"}],"replies":[{"embeddable":true,"href":"https:\/\/profamil.org\/cr\/wp-json\/wp\/v2\/comments?post=94"}],"version-history":[{"count":3,"href":"https:\/\/profamil.org\/cr\/wp-json\/wp\/v2\/pages\/94\/revisions"}],"predecessor-version":[{"id":260,"href":"https:\/\/profamil.org\/cr\/wp-json\/wp\/v2\/pages\/94\/revisions\/260"}],"wp:attachment":[{"href":"https:\/\/profamil.org\/cr\/wp-json\/wp\/v2\/media?parent=94"}],"curies":[{"name":"wp","href":"https:\/\/api.w.org\/{rel}","templated":true}]}}